{"id":134,"date":"2024-01-17T17:20:05","date_gmt":"2024-01-17T16:20:05","guid":{"rendered":"http:\/\/www.tem.agh.edu.pl\/main_nowastrona\/?page_id=134"},"modified":"2025-02-17T12:04:04","modified_gmt":"2025-02-17T11:04:04","slug":"badania","status":"publish","type":"page","link":"https:\/\/www.tem.agh.edu.pl\/main_nowastrona\/badania\/","title":{"rendered":"Badania"},"content":{"rendered":"\n<p><strong>Zakres bada\u0144<\/strong><\/p>\n\n\n\n<ul class=\"wp-block-list\">\n<li>Ilo\u015bciowa charakterystyka makro- mikro- i nanostruktury materia\u0142\u00f3w metodami mikroskopii \u015bwietlnej i elektronowej (tak\u017ce w skali atomowej)<\/li>\n\n\n\n<li>Badania materia\u0142\u00f3w metodami tomografii elektronowej: obrazowanie mikro- i nanostruktury materia\u0142\u00f3w w przestrzeni tr\u00f3jwymiarowej; metrologia<\/li>\n\n\n\n<li>Badanie p\u00f3l elektrycznych i magnetycznych metodami holografii elektronowej<\/li>\n\n\n\n<li>Badania powierzchni materia\u0142\u00f3w metodami mikroskopii si\u0142 atomowych<\/li>\n\n\n\n<li>Badania w\u0142a\u015bciwo\u015bci fizycznych \/ w\u0142a\u015bciwo\u015bci mechanicznych materia\u0142\u00f3w<\/li>\n<\/ul>\n\n\n\n<hr class=\"wp-block-separator has-alpha-channel-opacity\"\/>\n\n\n\n<p><strong>Materia\u0142y<\/strong><\/p>\n\n\n\n<p><br>Materia\u0142y dla energetyki i lotnictwa:<br>\u2192 Nadstopy niklu,<\/p>\n\n\n\n<p>\u2192 Stopy tytanu i aluminium,<\/p>\n\n\n\n<p>\u2192 Stopy na osnowie faz mi\u0119dzymetalicznych (intermetale)<\/p>\n\n\n\n<p>\u2192 Stopy do pracy w ekstremalnych warunkach (stopy wolframu, stale\/stopy ODS)<\/p>\n\n\n\n<p>\u2192 Stale i staliwa<\/p>\n\n\n\n<p>Materia\u0142y gradientowe i wielowarstwowe:<br>\u2192 Funkcjonalne materia\u0142y gradientowe<\/p>\n\n\n\n<p>\u2192 Materia\u0142y wielowarstwowe: odporne na erozj\u0119 i zu\u017cycie przez tarcie;<\/p>\n\n\n\n<p>\u2192 Materia\u0142y \u017caroodporne   <\/p>\n\n\n\n<hr class=\"wp-block-separator has-alpha-channel-opacity\"\/>\n\n\n\n<p><strong>Biomateria\u0142y<\/strong><\/p>\n\n\n\n<p><br>\u2192 Nanostrukturalna modyfikacja powierzchni implant\u00f3w<\/p>\n\n\n\n<p>\u2192 Biomateria\u0142y metaliczne<\/p>\n\n\n\n<p>\u2192 Stopy z pami\u0119ci\u0105 kszta\u0142tu<\/p>\n\n\n\n<p>\u2192 Materia\u0142y na rusztowanie kom\u00f3rkowe<\/p>\n\n\n\n<p>Inne materia\u0142y<br>\u2192 <a href=\"https:\/\/www.tem.agh.edu.pl\/main_nowastrona\/gold-germanium-nanoparticles\/\">Nanomateria\u0142y<\/a><\/p>\n\n\n\n<p>\u2192 Nowoczesne materia\u0142y ceramiczne<\/p>\n\n\n\n<p>\u2192 Z\u0142o\u017cone zwi\u0105zki mi\u0119dzymetaliczne CMA<\/p>\n\n\n\n<p>\u2192 Kompozyty metalowo-ceramiczne<\/p>\n\n\n\n<p>\u2192 Nowoczesne materia\u0142y magnetyczne (materia\u0142y GMR o gigantycznym magnetooporze) <\/p>\n\n\n\n<p>\u2192 Polimery<\/p>\n\n\n\n<hr class=\"wp-block-separator has-alpha-channel-opacity\"\/>\n\n\n\n<p><strong>Metody bada\u0144<\/strong><\/p>\n\n\n\n<ul class=\"wp-block-list\">\n<li>Mikroskopia \u015bwietlna (LM), metalografia ilo\u015bciowa<br><\/li>\n\n\n\n<li>Skaningowa mikroskopia elektronowa (SEM), fraktografia<br><\/li>\n\n\n\n<li>Transmisyjna mikroskopia elektronowa (TEM)<\/li>\n<\/ul>\n\n\n\n<p><\/p>\n\n\n\n<p>Ilo\u015bciowa charakteryzacja mikrostruktury materia\u0142\u00f3w metodami analitycznej mikroskopii elektronowej, tak\u017ce w skali atomowej:<\/p>\n\n\n\n<ul class=\"wp-block-list\">\n<li>Analiza mikrostruktury i pomiar parametr\u00f3w mikrostruktury z wykorzystaniem r\u00f3\u017cnych metod obrazowania i metod dyfrakcyjnych<\/li>\n\n\n\n<li>Analiza mikrostruktury z rozdzielczo\u015bci\u0105 w skali atomowej z wykorzystaniem obraz\u00f3w STEM-HAADF z korekcj\u0105 aberracji sferycznej<\/li>\n\n\n\n<li>Mapy orientacji i mapy fazowe nanoobszarach<\/li>\n<\/ul>\n\n\n\n<p class=\"has-text-align-left\">\u2192 Analiza dyfrakcyjna: Selektywna dyfrakcja elektron\u00f3w (SAED); Dyfrakcja zbie\u017cnej wi\u0105zki (CBED); Mikro- i nanodyfrakcja (\u03bcD, NBD); Precesja dyfrakcji elektron\u00f3w (PED)<\/p>\n\n\n\n<p>\u2192 Identyfikacja faz w materia\u0142ach wielofazowych i wielowarstwowych metodami dyfrakcyjnymi i spektroskopowymi wspomaganymi programami komputerowymi<\/p>\n\n\n\n<p>\u2192 Wysokorozdzielcza mikroskopia elektronowa (HRTEM)<\/p>\n\n\n\n<p>\u2192 Analiza sk\u0142adu chemicznego faz (jako\u015bciowa i ilo\u015bciowa) metodami spektroskopowymi:<\/p>\n\n\n\n<ul class=\"wp-block-list\">\n<li>energii charakterystycznego promieniowania rentgenowskiego (EDX) wraz z mo\u017cliwo\u015bci\u0105 zbierania map rozmieszczenia pierwiastk\u00f3w w skali atomowej<\/li>\n\n\n\n<li>spektrometria strat energii elektron\u00f3w (EELS)<\/li>\n\n\n\n<li>mapy rozmieszczenia pierwiastk\u00f3w z wykorzystaniem filtra energii elektron\u00f3w (EFTEM)<\/li>\n<\/ul>\n\n\n\n<p>\u2192 Badanie p\u00f3l elektrycznych i magnetycznych w nanoskali z zastosowaniem metod holografii elektronowej; mikroskopia Lorentza<\/p>\n\n\n\n<p>Tomografia elektronowa (HAADF, EFTEM, EDX) i tomografia FIB-SEM do rekonstrukcji tr\u00f3jwymiarowych obraz\u00f3w mikro- i nanostruktury materia\u0142\u00f3w, metrologia<br>\u2192 JEMS, Digital Micrograph, AnalySIS 3.2, Aphelion, ImageJ, Avizo Fire 6 i innych<\/p>\n\n\n\n<p><strong>Mikroskopia si\u0142 atomowych<br>Komputerowa analiza obrazu z wykorzystaniem program\u00f3w:<\/strong><\/p>\n\n\n\n<p><strong>Badania w\u0142a\u015bciwo\u015bci mechanicznych<\/strong><\/p>\n\n\n\n<p><strong>Badania nieniszcz\u0105ce<\/strong><\/p>\n\n\n\n<p>\u2192 Ultrad\u017awi\u0119kowe<\/p>\n\n\n\n<p>\u2192 Wiropr\u0105dowe<\/p>\n\n\n\n<p>\u2192 Emisji akustycznej<\/p>\n\n\n\n<p>Badania biomateria\u0142\u00f3w<\/p>\n","protected":false},"excerpt":{"rendered":"<p>Zakres bada\u0144 Materia\u0142y Materia\u0142y dla energetyki i lotnictwa:\u2192 Nadstopy niklu, \u2192 Stopy tytanu i aluminium, \u2192 Stopy na osnowie faz mi\u0119dzymetalicznych (intermetale) \u2192 Stopy do pracy w ekstremalnych warunkach (stopy wolframu, stale\/stopy ODS) \u2192 Stale i staliwa Materia\u0142y gradientowe i wielowarstwowe:\u2192 Funkcjonalne materia\u0142y gradientowe \u2192 Materia\u0142y wielowarstwowe: odporne na erozj\u0119 i zu\u017cycie przez tarcie; \u2192 [&hellip;]<\/p>\n","protected":false},"author":1,"featured_media":0,"parent":0,"menu_order":0,"comment_status":"closed","ping_status":"closed","template":"","meta":{"footnotes":""},"class_list":["post-134","page","type-page","status-publish","hentry","post-preview"],"_links":{"self":[{"href":"https:\/\/www.tem.agh.edu.pl\/main_nowastrona\/wp-json\/wp\/v2\/pages\/134","targetHints":{"allow":["GET"]}}],"collection":[{"href":"https:\/\/www.tem.agh.edu.pl\/main_nowastrona\/wp-json\/wp\/v2\/pages"}],"about":[{"href":"https:\/\/www.tem.agh.edu.pl\/main_nowastrona\/wp-json\/wp\/v2\/types\/page"}],"author":[{"embeddable":true,"href":"https:\/\/www.tem.agh.edu.pl\/main_nowastrona\/wp-json\/wp\/v2\/users\/1"}],"replies":[{"embeddable":true,"href":"https:\/\/www.tem.agh.edu.pl\/main_nowastrona\/wp-json\/wp\/v2\/comments?post=134"}],"version-history":[{"count":3,"href":"https:\/\/www.tem.agh.edu.pl\/main_nowastrona\/wp-json\/wp\/v2\/pages\/134\/revisions"}],"predecessor-version":[{"id":387,"href":"https:\/\/www.tem.agh.edu.pl\/main_nowastrona\/wp-json\/wp\/v2\/pages\/134\/revisions\/387"}],"wp:attachment":[{"href":"https:\/\/www.tem.agh.edu.pl\/main_nowastrona\/wp-json\/wp\/v2\/media?parent=134"}],"curies":[{"name":"wp","href":"https:\/\/api.w.org\/{rel}","templated":true}]}}