{"id":303,"date":"2024-03-08T14:18:28","date_gmt":"2024-03-08T13:18:28","guid":{"rendered":"http:\/\/www.tem.agh.edu.pl\/main_nowastrona\/?page_id=303"},"modified":"2024-03-11T14:01:52","modified_gmt":"2024-03-11T13:01:52","slug":"wspolpraca","status":"publish","type":"page","link":"https:\/\/www.tem.agh.edu.pl\/main_nowastrona\/wspolpraca\/","title":{"rendered":"Wsp\u00f3\u0142praca"},"content":{"rendered":"\n<p>Centrum Mikroskopii Elektronowej dla In\u017cynierii Materia\u0142owej (CEM) wsp\u00f3\u0142pracuje z 46 o\u015brodkami naukowymi z 18 kraj\u00f3w.<\/p>\n\n\n\n<p>G\u0142\u00f3wny nurt to wsp\u00f3\u0142praca w ramach um\u00f3w bilateralnych oraz wsp\u00f3\u0142praca w ramach projekt\u00f3w realizowanych w ramach 6 i 7 Programu Ramowego Unii Europejskiej oraz Wsp\u00f3lnoty Wiedzy i Innowacji (EIT KIC).<\/p>\n\n\n\n<p><strong>Wykaz plac\u00f3wek badawczych, z kt\u00f3rymi wsp\u00f3\u0142pracuje Centrum CEM:<\/strong><\/p>\n\n\n\n<ol class=\"wp-block-list\">\n<li>Austrian Institute of Technology, Seibersdorf, Austria<\/li>\n\n\n\n<li>Bay Zolt\u00e1n Foundation for Applied Research, Institute for Logistics and Production Systems, BZF, Hungary<\/li>\n\n\n\n<li>Christian-Albrechts-Universit\u00e4t zu Kiel, Germany<\/li>\n\n\n\n<li>CEMES-CNRS, Toulouse, France<\/li>\n\n\n\n<li>Chalmers University of Technology, Stockholm, Sweden<\/li>\n\n\n\n<li>Universit\u00e9 Paris Sud, Orsay, France<\/li>\n\n\n\n<li>Ecole Polytechnique F\u00e9d\u00e9rale de Lausanne (EPFL), Lausanne, Switzerland<\/li>\n\n\n\n<li>Energias de Portugal, SA, Portugal<\/li>\n\n\n\n<li>Electricit\u00e9 de France, France<\/li>\n\n\n\n<li>Forschungszentrum J\u00fclich (FZJ), Institut f\u00fcr Energie- und Klimaforschung, Germany<\/li>\n\n\n\n<li>Ernst-Ruska Centre forMicroscopy and Spectroscopy with Electrons, J\u00fclich, Germany<\/li>\n\n\n\n<li>Graz University of Technology, FELMI, Austria<\/li>\n\n\n\n<li>Grenoble Institute of Technology, INP, France<\/li>\n\n\n\n<li>Hoganas AB, Hoganas\/Helsinborg, Sweden<\/li>\n\n\n\n<li>Institut de Nanosciencia de Aragon, Saragossa, Spain<\/li>\n\n\n\n<li>Instituto Superior T\u00e9cnico Lisboa, Portugal<\/li>\n\n\n\n<li>Jozef &#8211; Stefan Institute, Ljubljana, Slovenia<\/li>\n\n\n\n<li>Lawrence Berkeley Laboratory, University of California, Berkeley, USA<\/li>\n\n\n\n<li>Loughborough University of Technology, Loughborough, UK<\/li>\n\n\n\n<li>Max-Planck Institute, Stuttgart, Germany<\/li>\n\n\n\n<li>Pratt &amp; Whitney, East Hardfort, CT, USA<\/li>\n\n\n\n<li>Shiname University, Japan<\/li>\n\n\n\n<li>Slovak Akademy of Sciences, Kosice, Slovak Republic<\/li>\n\n\n\n<li>Strojnicka Fakulta STU v Bratislave, Slovak Republik<\/li>\n\n\n\n<li>Swedish Institute of Metal Research, Stockholm, Sweden<\/li>\n\n\n\n<li>Technical University in Prague, Czech Republic<\/li>\n\n\n\n<li>Technische Universiteit Delft, The Netherland<\/li>\n\n\n\n<li>University of Toyama, Toyama, Japan<\/li>\n\n\n\n<li>Universidad de Cadiz, Spain<\/li>\n\n\n\n<li>University of Alberta, Canada<\/li>\n\n\n\n<li>University of Antwerp, Belgium<\/li>\n\n\n\n<li>Univeristy of Cambridge, UK<\/li>\n\n\n\n<li>University of Dresden, Triebenberg Laboratory, Dresden, Germany<\/li>\n\n\n\n<li>University of Oxford, UK<\/li>\n\n\n\n<li>Universita Politecnica delle Marche, Ancona, Italy<\/li>\n\n\n\n<li>Montanuniversit\u00e4t Leoben, Austria<\/li>\n\n\n\n<li>Universit\u00e4t Stuttgart, IFK, Germany<\/li>\n\n\n\n<li>Politecnica di Torino, Italy<\/li>\n\n\n\n<li>Universytet Techniczny, Koszyce, Slovak Republik<\/li>\n\n\n\n<li>Vysoka Szkola Ba\u0144ska, Ostrawa-Poruba, Czech Republic<\/li>\n<\/ol>\n\n\n\n<figure class=\"wp-block-gallery has-nested-images columns-default is-cropped wp-block-gallery-1 is-layout-flex wp-block-gallery-is-layout-flex\">\n<figure class=\"wp-block-image size-large\"><img fetchpriority=\"high\" decoding=\"async\" width=\"495\" height=\"431\" data-id=\"304\" src=\"https:\/\/www.tem.agh.edu.pl\/main_nowastrona\/wp-content\/uploads\/2024\/03\/mapka3.jpg\" alt=\"\" class=\"wp-image-304\" srcset=\"https:\/\/www.tem.agh.edu.pl\/main_nowastrona\/wp-content\/uploads\/2024\/03\/mapka3.jpg 495w, https:\/\/www.tem.agh.edu.pl\/main_nowastrona\/wp-content\/uploads\/2024\/03\/mapka3-300x261.jpg 300w\" sizes=\"(max-width: 495px) 100vw, 495px\" \/><\/figure>\n<\/figure>\n\n\n\n<p><strong>Wsp\u00f3\u0142praca z Forschungszentrum J\u00fclich<\/strong><\/p>\n\n\n\n<p>Od ponad 30 lat, Centrum wsp\u00f3\u0142pracuje z jedn\u0105 z najwi\u0119kszych plac\u00f3wek badawczych Europy &#8211; Forschungszentrum J\u00fclich. Wsp\u00f3\u0142praca ta zaowocowa\u0142a wieloma wsp\u00f3lnymi projektami, publikacjami (ponad 150), wsp\u00f3lnymi pracami magisterskimi, doktorskimi i habilitacj\u0105.<\/p>\n\n\n\n<p>Kontakty pomiedzy naszymi zespo\u0142ami badawczymi rozpocz\u0119\u0142y si\u0119 dok\u0142adnie 11.01.1978, kiedy to profesor Hubertus Nickel (w\u00f3wczas dyrektor Institut f\u00fcr Reaktorwerkstoffe w Kernforschungsanlage J\u00fclich, obecnie Institut f\u00fcr Energieforschung, FZJ) po raz pierwszy odwiedzi\u0142 Krak\u00f3w, w tym Pracowni\u0119 Mikroskopii Elektronowej na Wydziale Metalurgii i In\u017cynierii Materia\u0142owej AGH, na zaproszenie profesora Stanis\u0142awa Gorczycy oraz dr Aleksandry Czyrskiej-Filemonowicz. Wizyta prof. Nickel\u2019a w Krakowie rozpocz\u0119\u0142a niezwykle owocn\u0105 wsp\u00f3\u0142prac\u0119 pomi\u0119dzy FZJ a Pracowni\u0105 Mikroskopii Elektronowej w AGH zwi\u0105zan\u0105 g\u0142\u00f3wnie z badaniami mikrostruktury i w\u0142a\u015bciwo\u015bci, g\u0142\u00f3wnie mechanicznych nowoczesnych materia\u0142\u00f3w dla przemys\u0142u energetycznego. Nastapi\u0142a owocna wymiana osobowa wielu naukowc\u00f3w z obu zespo\u0142\u00f3w (w tym, 8 lat pobytu naukowego A. Czyrskiej-Filemonowicz w wczesnych latach osiemdziesi\u0105tych i dziewi\u0119\u0107dziesi\u0105tych), podczas ktorych pojawi\u0142 si\u0119 pomys\u0142 wsp\u00f3lnego programu polsko-niemieckiego i sformalizowania wsp\u00f3\u0142pracy.<\/p>\n\n\n\n<p>W pocz\u0105tku lat dziewi\u0119\u0107dziesi\u0105tych rozpocz\u0119\u0142a si\u0119 oficjalna wsp\u00f3\u0142praca w ramach umowy mi\u0119dzyrz\u0105dowej (koordynatorzy: P.J. Ennis i H.J. Penkalla, FZJ oraz A. Czyrska-Filemonowicz, AGH) i zrealizowano pierwszy projekt dotycz\u0105cy korelacji mi\u0119dzy mikrostruktur\u0105 i w\u0142a\u015bciwo\u015bciami mechanicznymi wysokotemperaturowych nadstop\u00f3w niklu. W ramach tej wsp\u00f3\u0142pracy opublikowano 150 wsp\u00f3lnych artyku\u0142\u00f3w i recenzowanych prac konferencyjnych. Ponadto, prowadzono cztery doktoraty (Jaros\u0142aw Wosik, Daniela Danciu, Grzegorz Cempura i Bogdan Rutkowski) wsp\u00f3lnie przez prof. Schuberta i prof. Becka (FZJ) i prof. Czyrsk\u0105-Filemonowicz (AGH).<\/p>\n\n\n\n<p>Centrum wsp\u00f3\u0142pracuje tak\u017ce z Institut f\u00fcr Festk\u00f6rperforschung w FZJ. Z zespo\u0142em prof. Ullmaiera prowadzono badania zwi\u0105zane z problematyk\u0105 krucho\u015bci helowej materia\u0142\u00f3w przeznaczonych dla reaktor\u00f3w syntezy j\u0105drowej (habilitacja A. Czyrskiej-Filemonowicz), natomiast z zespo\u0142em prof. Urbana prowadzono prace z zakresu zaawansowanej mikroskopii elektronowej i stop\u00f3w typu CMA (doktorat Marty Lipi\u0144skiej-Chwa\u0142ek).<\/p>\n\n\n\n<p>Owocem wsp\u00f3lnych bada\u0144 zespo\u0142\u00f3w mikroskopii elektornowej w Akademii G\u00f3rniczo-Hutniczej i Forschungszentrum J\u00fclich jest ponad 170 publikacji i referat\u00f3w na mi\u0119dzynarodowych konferencjach oraz pi\u0119\u0107 przewod\u00f3w doktorskich prowadzonych pod kierunkiem prof. Schuberta, prof. Urbana i prof. Becka (FZJ) oraz prof. Czyrskiej Filemonowicz (AGH).<\/p>\n\n\n\n<p>Podsumowaniem osi\u0105gni\u0119\u0107 uzyskanych w wyniku d\u0142ugoletniej wsp\u00f3\u0142pracy naukowo-badawczej by\u0142a mi\u0119dzynarodowa konferencja \u201ePolish-German Workshop on Materials for Advanced Energy Systems\u201d, zorganizowana przez zesp\u00f3\u0142 Centrum w AGH w kwietniu 2008 r. Referaty opublikowano w specjalnie wydanych materia\u0142ach konferencyjnych (ISBN 978-83-60958-12-4), kt\u00f3re s\u0105 dost\u0119pne w Bibliotece G\u0142\u00f3wnej AGH.<\/p>\n\n\n\n<figure class=\"wp-block-gallery has-nested-images columns-default is-cropped wp-block-gallery-2 is-layout-flex wp-block-gallery-is-layout-flex\">\n<figure class=\"wp-block-image size-large\"><img decoding=\"async\" width=\"1024\" height=\"685\" data-id=\"305\" src=\"https:\/\/www.tem.agh.edu.pl\/main_nowastrona\/wp-content\/uploads\/2024\/03\/zespol-1024x685.jpg\" alt=\"\" class=\"wp-image-305\" srcset=\"https:\/\/www.tem.agh.edu.pl\/main_nowastrona\/wp-content\/uploads\/2024\/03\/zespol-1024x685.jpg 1024w, https:\/\/www.tem.agh.edu.pl\/main_nowastrona\/wp-content\/uploads\/2024\/03\/zespol-300x201.jpg 300w, https:\/\/www.tem.agh.edu.pl\/main_nowastrona\/wp-content\/uploads\/2024\/03\/zespol-768x514.jpg 768w, https:\/\/www.tem.agh.edu.pl\/main_nowastrona\/wp-content\/uploads\/2024\/03\/zespol-676x452.jpg 676w, https:\/\/www.tem.agh.edu.pl\/main_nowastrona\/wp-content\/uploads\/2024\/03\/zespol.jpg 1215w\" sizes=\"(max-width: 1024px) 100vw, 1024px\" \/><\/figure>\n<\/figure>\n\n\n\n<p><br>Uczestnicy Workshopu w AGH, 2008<\/p>\n\n\n\n<p>Du\u017ca liczba wsp\u00f3lnych publikacji (ponad 150), rozprawy doktorskie i habilitacyjne wskazuj\u0105 na doskona\u0142\u0105 jako\u015b\u0107 bada\u0144, ale nale\u017cy podkresli\u0107 \u017ce na ten sukces sk\u0142ada sie r\u00f3wnie\u017c wzajemne zrozumienie obu Zespo\u0142\u00f3w oraz d\u0142ugotrwa\u0142e przyja\u017anie zawodowe i osobiste, kt\u00f3re zosta\u0142y utworzone w ci\u0105gu ostatnich 30 lat.<\/p>\n\n\n\n<p>Wizyta delegacji AGH w Forschungszentrum J\u00fclich w marcu 2009 roku<\/p>\n\n\n\n<figure class=\"wp-block-gallery has-nested-images columns-default is-cropped wp-block-gallery-3 is-layout-flex wp-block-gallery-is-layout-flex\">\n<figure class=\"wp-block-image size-large\"><img decoding=\"async\" width=\"837\" height=\"597\" data-id=\"306\" src=\"https:\/\/www.tem.agh.edu.pl\/main_nowastrona\/wp-content\/uploads\/2024\/03\/wsp03.jpg\" alt=\"\" class=\"wp-image-306\" srcset=\"https:\/\/www.tem.agh.edu.pl\/main_nowastrona\/wp-content\/uploads\/2024\/03\/wsp03.jpg 837w, https:\/\/www.tem.agh.edu.pl\/main_nowastrona\/wp-content\/uploads\/2024\/03\/wsp03-300x214.jpg 300w, https:\/\/www.tem.agh.edu.pl\/main_nowastrona\/wp-content\/uploads\/2024\/03\/wsp03-768x548.jpg 768w, https:\/\/www.tem.agh.edu.pl\/main_nowastrona\/wp-content\/uploads\/2024\/03\/wsp03-676x482.jpg 676w\" sizes=\"(max-width: 837px) 100vw, 837px\" \/><\/figure>\n<\/figure>\n\n\n\n<p style=\"font-style:italic;font-weight:100\">Od lewej:<br>M. Pronobis (PG), T. Szmuc (AGH), L. Singheiser (FZJ), J. Buzek (EC), A. Czyrska-Filemonowicz (AGH), H. Bolt (FZJ), A. G\u00f3rak (TU Darmstadt)<\/p>\n\n\n\n<p>Ponadto wsp\u00f3lnie zorganizowano kilka konferencji i warsztat\u00f3w, mi\u0119dzy innymi &#8220;Dialoque JARA-Polska&#8221; (29.09-1.10.2010) w J\u00fclich. Konferencja ta otworzy\u0142a rok wsp\u00f3\u0142pracy Polski z Nadreni\u0105 P\u00f3\u0142nocn\u0105 -Westfali\u0105. Idea ta b\u0119dzie kontynuowana i nast\u0119pna konferencji naukowa \u201cScientific Cooperation Poland \u2013 North Rhine-Westphalia: conference on Energy and Future Information Technology\u201d odb\u0119dzie si\u0119 w pa\u017adzierniku (13-14.10.2011) w AGH<\/p>\n\n\n\n<figure class=\"wp-block-gallery has-nested-images columns-default is-cropped wp-block-gallery-4 is-layout-flex wp-block-gallery-is-layout-flex\">\n<figure class=\"wp-block-image size-large\"><img loading=\"lazy\" decoding=\"async\" width=\"1024\" height=\"683\" data-id=\"308\" src=\"https:\/\/www.tem.agh.edu.pl\/main_nowastrona\/wp-content\/uploads\/2024\/03\/jara_polen_ws_005-1024x683.jpg\" alt=\"\" class=\"wp-image-308\" srcset=\"https:\/\/www.tem.agh.edu.pl\/main_nowastrona\/wp-content\/uploads\/2024\/03\/jara_polen_ws_005-1024x683.jpg 1024w, https:\/\/www.tem.agh.edu.pl\/main_nowastrona\/wp-content\/uploads\/2024\/03\/jara_polen_ws_005-300x200.jpg 300w, https:\/\/www.tem.agh.edu.pl\/main_nowastrona\/wp-content\/uploads\/2024\/03\/jara_polen_ws_005-768x512.jpg 768w, https:\/\/www.tem.agh.edu.pl\/main_nowastrona\/wp-content\/uploads\/2024\/03\/jara_polen_ws_005-676x451.jpg 676w, https:\/\/www.tem.agh.edu.pl\/main_nowastrona\/wp-content\/uploads\/2024\/03\/jara_polen_ws_005.jpg 1215w\" sizes=\"(max-width: 1024px) 100vw, 1024px\" \/><figcaption class=\"wp-element-caption\">JARA Polen-Workshop<\/figcaption><\/figure>\n<\/figure>\n\n\n\n<p>Wieloletnia wsp\u00f3\u0142praca, zw\u0142aszcza z zakresu bada\u0144 mikro- i nanostruktury materia\u0142\u00f3w metodami zaawansowanej mikroskopii elektronowej, doprowadzi\u0142a do utworzenia wsp\u00f3lnej jednostki badawczej. W dniu 1 czerwca 2010 r. Rektor AGH profesor Antoni Tajdu\u015b powo\u0142a\u0142 Mi\u0119dzynarodowe Centrum Mikroskopii Elektronowej dla In\u017cynierii Materia\u0142owej (International Centre of Electron Microscopy for Materials Science, IC-EM).<\/p>\n\n\n\n<p>W dniu 30 wrze\u015bnia 2010 r. w Forschungszentrum J\u00fclich zosta\u0142o uroczy\u015bcie podpisane porozumienie o wsp\u00f3\u0142pracy (Agreement of Co-operation) pomi\u0119dzy Centrum IC-EM a Forschungszentrum J\u00fclich.<\/p>\n\n\n\n<figure class=\"wp-block-gallery has-nested-images columns-default is-cropped wp-block-gallery-5 is-layout-flex wp-block-gallery-is-layout-flex\">\n<figure class=\"wp-block-image size-large\"><img loading=\"lazy\" decoding=\"async\" width=\"1024\" height=\"662\" data-id=\"309\" src=\"https:\/\/www.tem.agh.edu.pl\/main_nowastrona\/wp-content\/uploads\/2024\/03\/jara_polen_ws_002-1-1024x662.jpg\" alt=\"\" class=\"wp-image-309\" srcset=\"https:\/\/www.tem.agh.edu.pl\/main_nowastrona\/wp-content\/uploads\/2024\/03\/jara_polen_ws_002-1-1024x662.jpg 1024w, https:\/\/www.tem.agh.edu.pl\/main_nowastrona\/wp-content\/uploads\/2024\/03\/jara_polen_ws_002-1-300x194.jpg 300w, https:\/\/www.tem.agh.edu.pl\/main_nowastrona\/wp-content\/uploads\/2024\/03\/jara_polen_ws_002-1-768x496.jpg 768w, https:\/\/www.tem.agh.edu.pl\/main_nowastrona\/wp-content\/uploads\/2024\/03\/jara_polen_ws_002-1-676x437.jpg 676w, https:\/\/www.tem.agh.edu.pl\/main_nowastrona\/wp-content\/uploads\/2024\/03\/jara_polen_ws_002-1.jpg 1215w\" sizes=\"(max-width: 1024px) 100vw, 1024px\" \/><figcaption class=\"wp-element-caption\">JARA Polen Workshop<\/figcaption><\/figure>\n<\/figure>\n\n\n\n<p style=\"font-style:italic;font-weight:100\">Uroczyste podpisanie Porozumienia o Wsp\u00f3\u0142pracy Mi\u0119dzynarodowego Centrum Mikroskopii Elektronowej dla In\u017cynierii Materia\u0142owej z Forschungszentrum J\u00fclich.<br>Od lewej: Prof. Dr. Lorenz Singheiser, dyrektor Institute for Energy Research w FZJ, Prof. Dr. Dr. Harald Bolt, V-ce dyrektor FZJ, Prof. dr hab. in\u017c. Tomasz Szmuc, Prorektor ds. Nauki AGH, Prof. dr hab. in\u017c. Aleksandra Czyrska-Filemonowicz, kierownik IC-EM.<\/p>\n\n\n\n<p><strong>Wsp\u00f3\u0142praca z Pratt &amp; Whitney, CT, USA<\/strong><\/p>\n\n\n\n<p>W ramach umowy bilateralnej pomi\u0119dzy Akademi\u0105 G\u00f3rniczo-Hutnicz\u0105 a United Technologies Corporation, Pratt &amp; Whitney Division, USA (koordynatorzy: Prof. dr hab. in\u017c. Aleksandra Czyrska-Filemonowicz, AGH i Dr Agnieszka Wusatowska-Sarnek , P&amp;W) zrealizowano 20 projekt\u00f3w badawczych.<\/p>\n\n\n\n<p>Problematyka projekt\u00f3w dotyczy\u0142a mechanizm\u00f3w odkszta\u0142cenia, mikrostruktury i w\u0142a\u015bciwo\u015bci nast\u0119puj\u0105cych materia\u0142\u00f3w:<\/p>\n\n\n\n<ul class=\"wp-block-list\">\n<li>monokrystaliczne nadstopy niklu (II i IV generacji)<\/li>\n\n\n\n<li>polikrystaliczne nadstopy niklu oraz nadstopy niklu i \u017celaza<\/li>\n\n\n\n<li>zwi\u0105zki mi\u0119dzymetaliczne &#8211; gamma TiAl<\/li>\n\n\n\n<li>stale<\/li>\n<\/ul>\n\n\n\n<p>W ramach tej wsp\u00f3\u0142pracy prowadzone s\u0105 dwa przewody doktorskie o tematyce dot. nadstop\u00f3w niklu (Maciej Zi\u0119tara, Krzysztof Kulawik).<\/p>\n\n\n\n<p>Zesp\u00f3\u0142 Akademii G\u00f3rniczej-Hutniczej zaanga\u017cowany we wsp\u00f3\u0142prac\u0119 z United Technologies Corporation, Pratt &amp; Whitney Division zosta\u0142 nagrodzony za wybitne zaanga\u017cowanie w realizacj\u0119 projektu GMS w latach 2005-2008.<\/p>\n\n\n\n<figure class=\"wp-block-gallery has-nested-images columns-default is-cropped wp-block-gallery-6 is-layout-flex wp-block-gallery-is-layout-flex\">\n<figure class=\"wp-block-image size-large\"><img loading=\"lazy\" decoding=\"async\" width=\"1024\" height=\"778\" data-id=\"310\" src=\"https:\/\/www.tem.agh.edu.pl\/main_nowastrona\/wp-content\/uploads\/2024\/03\/wsp01-1024x778.jpg\" alt=\"\" class=\"wp-image-310\" srcset=\"https:\/\/www.tem.agh.edu.pl\/main_nowastrona\/wp-content\/uploads\/2024\/03\/wsp01-1024x778.jpg 1024w, https:\/\/www.tem.agh.edu.pl\/main_nowastrona\/wp-content\/uploads\/2024\/03\/wsp01-300x228.jpg 300w, https:\/\/www.tem.agh.edu.pl\/main_nowastrona\/wp-content\/uploads\/2024\/03\/wsp01-768x583.jpg 768w, https:\/\/www.tem.agh.edu.pl\/main_nowastrona\/wp-content\/uploads\/2024\/03\/wsp01-676x514.jpg 676w, https:\/\/www.tem.agh.edu.pl\/main_nowastrona\/wp-content\/uploads\/2024\/03\/wsp01.jpg 1215w\" sizes=\"(max-width: 1024px) 100vw, 1024px\" \/><\/figure>\n<\/figure>\n\n\n\n<p>Centrum wsp\u00f3\u0142pracuje r\u00f3wnie\u017c z wieloma polskimi instytucjami naukowymi i z polskim przemys\u0142em lotniczym, energetycznym, samochodowym i hutniczym, np. Rafako S.A., Racib\u00f3rz, ArcelorMittal Poland, PZL \u015awidnik S.A. i WSK PZL &#8211; Rzesz\u00f3w S.A.<\/p>\n\n\n\n<p>Scientific Council ArcelorMittal (2008-2010)<\/p>\n\n\n\n<figure class=\"wp-block-gallery has-nested-images columns-default is-cropped wp-block-gallery-7 is-layout-flex wp-block-gallery-is-layout-flex\">\n<figure class=\"wp-block-image size-large\"><img loading=\"lazy\" decoding=\"async\" width=\"717\" height=\"487\" data-id=\"311\" src=\"https:\/\/www.tem.agh.edu.pl\/main_nowastrona\/wp-content\/uploads\/2024\/03\/wsp02.jpg\" alt=\"\" class=\"wp-image-311\" srcset=\"https:\/\/www.tem.agh.edu.pl\/main_nowastrona\/wp-content\/uploads\/2024\/03\/wsp02.jpg 717w, https:\/\/www.tem.agh.edu.pl\/main_nowastrona\/wp-content\/uploads\/2024\/03\/wsp02-300x204.jpg 300w, https:\/\/www.tem.agh.edu.pl\/main_nowastrona\/wp-content\/uploads\/2024\/03\/wsp02-676x459.jpg 676w\" sizes=\"(max-width: 717px) 100vw, 717px\" \/><\/figure>\n<\/figure>\n\n\n\n<p><em>Luksemburg, stycze\u0144,2008<\/em><\/p>\n\n\n\n<p><em>Od lewej:<br>David K. Matlock, Aleksandra Czyrska-Filemonowicz, Jef Roos, Greg Ludkovsky, Jean-Hubert Schmitt, Gordon Irons, Fran\u00e7ois Mudry, Michel Rappaz, Marcel Crochet, Yves Br\u00e9chet, Germain Sanz, Michel Wurth<\/em><\/p>\n\n\n\n<p>Pracownicy naukowi wyk\u0142adaj\u0105 go\u015bcinnie w Niemczech oraz w Szwajcarii, uczestnicz\u0105 w licznych mi\u0119dzynarodowych konferencjach, a tak\u017ce nale\u017c\u0105 do mi\u0119dzynarodowych towarzystw, stowarzysze\u0144 i sieci naukowych.<\/p>\n\n\n\n<p>Mi\u0119dzynarodowe Centrum Mikroskopii Elektronowej dla In\u017cynierii Materia\u0142owej jest cz\u0142onkiem:<\/p>\n\n\n\n<ul class=\"wp-block-list\">\n<li>European Aeronautics Science Network, EASN; http:\/\/www.easn.net<\/li>\n\n\n\n<li>European Virtual Institute on Knowledge-based Multifunctional Materials, KMM- VIN;http:\/\/www.kmm-vin.eu\/<\/li>\n\n\n\n<li>European Centre for the Development of New Metallic Alloys and Compounds, C- MAC;http:\/\/www.eucmac.eu<\/li>\n\n\n\n<li>EIT Knowledge and Innovation Community, KIC InnoEnergy<\/li>\n<\/ul>\n\n\n\n<hr class=\"wp-block-separator has-alpha-channel-opacity\"\/>\n\n\n\n<figure class=\"wp-block-table is-style-stripes has-regular-font-size\"><table><tbody><tr><td><img loading=\"lazy\" decoding=\"async\" width=\"60\" height=\"60\" class=\"wp-image-363\" style=\"width: 60px;\" src=\"https:\/\/www.tem.agh.edu.pl\/main_nowastrona\/wp-content\/uploads\/2024\/03\/eit_logo1.jpg\" alt=\"\"><\/td><td><a href=\"https:\/\/www.innoenergy.com\/\">KIC Innoenergy<\/a><\/td><\/tr><tr><td><img loading=\"lazy\" decoding=\"async\" width=\"60\" height=\"60\" class=\"wp-image-364\" style=\"width: 60px;\" src=\"https:\/\/www.tem.agh.edu.pl\/main_nowastrona\/wp-content\/uploads\/2024\/03\/logoinnowgosp.jpg\" alt=\"\"><\/td><td><a href=\"https:\/\/www.poir.gov.pl\/strony\/o-programie\/zasady\/fundusze-europejskie-na-lata-2007-2013\/poig\/\">Innowacyjna Gospodarka<\/a><\/td><\/tr><tr><td><img loading=\"lazy\" decoding=\"async\" width=\"60\" height=\"60\" class=\"wp-image-365\" style=\"width: 60px;\" src=\"https:\/\/www.tem.agh.edu.pl\/main_nowastrona\/wp-content\/uploads\/2024\/03\/logoCMA.jpg\" alt=\"\"><\/td><td><a href=\"https:\/\/cordis.europa.eu\/project\/id\/500140\/reporting\/pl\">C-MAC complex metallic alloys<\/a><\/td><\/tr><tr><td><img loading=\"lazy\" decoding=\"async\" width=\"60\" height=\"60\" class=\"wp-image-366\" style=\"width: 60px;\" src=\"https:\/\/www.tem.agh.edu.pl\/main_nowastrona\/wp-content\/uploads\/2024\/03\/logoESTEEM.jpg\" alt=\"\"><\/td><td><a href=\"https:\/\/www.esteem3.eu\/\">ESTEEM 2<\/a><\/td><\/tr><tr><td><img loading=\"lazy\" decoding=\"async\" width=\"60\" height=\"60\" class=\"wp-image-367\" style=\"width: 60px;\" src=\"https:\/\/www.tem.agh.edu.pl\/main_nowastrona\/wp-content\/uploads\/2024\/03\/logoKMMVIN.jpg\" alt=\"\"><\/td><td><a href=\"https:\/\/www.kmm-vin.eu\/\">KMM.VIN<\/a><\/td><\/tr><tr><td><img loading=\"lazy\" decoding=\"async\" width=\"60\" height=\"20\" class=\"wp-image-368\" style=\"width: 60px;\" src=\"https:\/\/www.tem.agh.edu.pl\/main_nowastrona\/wp-content\/uploads\/2024\/03\/Logo_FZ_Juelich.jpg\" alt=\"\"><\/td><td><a href=\"https:\/\/www.fz-juelich.de\/en\">AGH-FZJ cooperation<\/a><\/td><\/tr><tr><td><img loading=\"lazy\" decoding=\"async\" width=\"60\" height=\"19\" class=\"wp-image-369\" style=\"width: 60px;\" src=\"https:\/\/www.tem.agh.edu.pl\/main_nowastrona\/wp-content\/uploads\/2024\/03\/inglot_logo.png\" alt=\"\"><\/td><td><a href=\"https:\/\/inglot.pl\/\">INGLOT<\/a><\/td><\/tr><tr><td><img loading=\"lazy\" decoding=\"async\" width=\"60\" height=\"60\" class=\"wp-image-370\" style=\"width: 60px;\" src=\"https:\/\/www.tem.agh.edu.pl\/main_nowastrona\/wp-content\/uploads\/2024\/03\/esteem3logo.jpg\" alt=\"\"><\/td><td><a href=\"https:\/\/www.esteem3.eu\/about_us\">ESTEEM 3<\/a><\/td><\/tr><tr><td><img loading=\"lazy\" decoding=\"async\" width=\"60\" height=\"60\" class=\"wp-image-371\" style=\"width: 60px;\" src=\"https:\/\/www.tem.agh.edu.pl\/main_nowastrona\/wp-content\/uploads\/2024\/03\/logo-zeiss.jpg\" alt=\"\"><\/td><td><a href=\"https:\/\/www.zeiss.com\/microscopy\/en\/about-us.html\">ZEISS labs@location<\/a><\/td><\/tr><\/tbody><\/table><\/figure>\n","protected":false},"excerpt":{"rendered":"<p>Centrum Mikroskopii Elektronowej dla In\u017cynierii Materia\u0142owej (CEM) wsp\u00f3\u0142pracuje z 46 o\u015brodkami naukowymi z 18 kraj\u00f3w. G\u0142\u00f3wny nurt to wsp\u00f3\u0142praca w ramach um\u00f3w bilateralnych oraz wsp\u00f3\u0142praca w ramach projekt\u00f3w realizowanych w ramach 6 i 7 Programu Ramowego Unii Europejskiej oraz Wsp\u00f3lnoty Wiedzy i Innowacji (EIT KIC). Wykaz plac\u00f3wek badawczych, z kt\u00f3rymi wsp\u00f3\u0142pracuje Centrum CEM: Wsp\u00f3\u0142praca z [&hellip;]<\/p>\n","protected":false},"author":1,"featured_media":0,"parent":0,"menu_order":0,"comment_status":"closed","ping_status":"closed","template":"","meta":{"footnotes":""},"class_list":["post-303","page","type-page","status-publish","hentry","post-preview"],"_links":{"self":[{"href":"https:\/\/www.tem.agh.edu.pl\/main_nowastrona\/wp-json\/wp\/v2\/pages\/303","targetHints":{"allow":["GET"]}}],"collection":[{"href":"https:\/\/www.tem.agh.edu.pl\/main_nowastrona\/wp-json\/wp\/v2\/pages"}],"about":[{"href":"https:\/\/www.tem.agh.edu.pl\/main_nowastrona\/wp-json\/wp\/v2\/types\/page"}],"author":[{"embeddable":true,"href":"https:\/\/www.tem.agh.edu.pl\/main_nowastrona\/wp-json\/wp\/v2\/users\/1"}],"replies":[{"embeddable":true,"href":"https:\/\/www.tem.agh.edu.pl\/main_nowastrona\/wp-json\/wp\/v2\/comments?post=303"}],"version-history":[{"count":3,"href":"https:\/\/www.tem.agh.edu.pl\/main_nowastrona\/wp-json\/wp\/v2\/pages\/303\/revisions"}],"predecessor-version":[{"id":373,"href":"https:\/\/www.tem.agh.edu.pl\/main_nowastrona\/wp-json\/wp\/v2\/pages\/303\/revisions\/373"}],"wp:attachment":[{"href":"https:\/\/www.tem.agh.edu.pl\/main_nowastrona\/wp-json\/wp\/v2\/media?parent=303"}],"curies":[{"name":"wp","href":"https:\/\/api.w.org\/{rel}","templated":true}]}}