{"id":6,"date":"2024-01-14T23:59:16","date_gmt":"2024-01-14T22:59:16","guid":{"rendered":"http:\/\/www.tem.agh.edu.pl\/main_nowastrona\/?page_id=6"},"modified":"2024-03-12T09:05:12","modified_gmt":"2024-03-12T08:05:12","slug":"centrum-mikroskopii-elektronowej-dla-inzynierii-materialowej","status":"publish","type":"page","link":"https:\/\/www.tem.agh.edu.pl\/main_nowastrona\/","title":{"rendered":"Start"},"content":{"rendered":"\t\t<div data-elementor-type=\"wp-page\" data-elementor-id=\"6\" class=\"elementor elementor-6\">\n\t\t\t\t<div class=\"elementor-element elementor-element-1b40b90c e-flex e-con-boxed e-con e-parent\" data-id=\"1b40b90c\" data-element_type=\"container\" data-e-type=\"container\">\n\t\t\t\t\t<div class=\"e-con-inner\">\n\t\t\t\t<div class=\"elementor-element elementor-element-2f370912 elementor-widget elementor-widget-text-editor\" data-id=\"2f370912\" data-element_type=\"widget\" data-e-type=\"widget\" data-widget_type=\"text-editor.default\">\n\t\t\t\t<div class=\"elementor-widget-container\">\n\t\t\t\t\t\t\t\t\t<p><\/p>\n<p><strong>Centrum Mikroskopii Elektronowej dla In\u017cynierii Materia\u0142owej<\/strong><\/p>\n<p><\/p>\n<p><\/p>\n<p>Centrum Mikroskopii Elektronowej (CME) to jednostka dzia\u0142aj\u0105ca w ramach Wydzia\u0142u In\u017cynierii Metali Informatyki Przemys\u0142owej w Akademii G\u00f3rniczo-Hutniczej w Krakowie. Specjalizuje si\u0119 w zaawansowanych technikach mikroskopii elektronowej, w tym skaningowej i transmisyjnej. CME wyposa\u017cone jest w nowoczesny sprz\u0119t, umo\u017cliwiaj\u0105cy precyzyjne obserwacje strukturalne na poziomie nanometrycznym. Dzia\u0142a w zakresie bada\u0144 naukowych, wspieraj\u0105c zar\u00f3wno projekty naukowe, jak i projekty z sektora przemys\u0142owego. Poprzez dost\u0119p do zaawansowanej aparatury, Centrum Mikroskopii Elektronowej stanowi istotne ogniwo w rozwijaniu wiedzy z obszaru nauk technicznych i biomedycznych.\u00a0<a style=\"font-family: var( --e-global-typography-text-font-family ), Sans-serif; font-weight: var( --e-global-typography-text-font-weight ); text-align: var(--text-align);\" href=\"https:\/\/www.tem.agh.edu.pl\/main_nowastrona\/2024\/03\/07\/centrum-mikroskopii-elektronowej-dla-inzynierii-materialowej\/\" rel=\"noopener\">Dowiedz si\u0119 wiecej<\/a><\/p>\n<p><\/p>\n<p><\/p>\n<p><a href=\"http:\/\/www.kmimp.agh.edu.pl\/\" target=\"_blank\" rel=\"noreferrer noopener\">Katedra Metaloznawstwa i Metalurgii Proszk\u00f3w<\/a><br \/><a href=\"http:\/\/home.agh.edu.pl\/~wmiim\/en\/\" target=\"_blank\" rel=\"noreferrer noopener\">Wydzia\u0142 In\u017cynierii Metali i Informatyki Przemys\u0142owej<\/a><br \/><a href=\"http:\/\/www.agh.edu.pl\/en\" target=\"_blank\" rel=\"noreferrer noopener\">Akademia G\u00f3rniczo-Hutnicza im. Stanis\u0142awa Staszica<\/a><\/p>\n<p><\/p>\n<p><\/p>\n<p><strong>Kierownik Centrum: dr hab. in\u017c. Adam Kruk, prof. AGH<\/strong><\/p>\n<p><\/p>\n<p><\/p>\n<p>al. A. Mickiewicza 30, 30-059 Krak\u00f3w<br \/>pawilon A-2, parter\u00a0<\/p>\n<p><\/p>\t\t\t\t\t\t\t\t<\/div>\n\t\t\t\t<\/div>\n\t\t\t\t\t<\/div>\n\t\t\t\t<\/div>\n\t\t<div class=\"elementor-element elementor-element-a4094a4 e-flex e-con-boxed e-con e-parent\" data-id=\"a4094a4\" data-element_type=\"container\" data-e-type=\"container\">\n\t\t\t\t\t<div class=\"e-con-inner\">\n\t\t\t\t<div class=\"elementor-element elementor-element-0ebce9c elementor-invisible elementor-widget elementor-widget-image\" data-id=\"0ebce9c\" data-element_type=\"widget\" data-e-type=\"widget\" data-settings=\"{&quot;_animation&quot;:&quot;fadeIn&quot;}\" data-widget_type=\"image.default\">\n\t\t\t\t<div class=\"elementor-widget-container\">\n\t\t\t\t\t\t\t\t\t\t\t\t\t\t\t<img fetchpriority=\"high\" decoding=\"async\" width=\"676\" height=\"676\" src=\"https:\/\/www.tem.agh.edu.pl\/main_nowastrona\/wp-content\/uploads\/2024\/03\/IFFT-of-Untitled-filtrowane.jpg\" class=\"attachment-large size-large wp-image-374\" alt=\"\" srcset=\"https:\/\/www.tem.agh.edu.pl\/main_nowastrona\/wp-content\/uploads\/2024\/03\/IFFT-of-Untitled-filtrowane.jpg 1024w, https:\/\/www.tem.agh.edu.pl\/main_nowastrona\/wp-content\/uploads\/2024\/03\/IFFT-of-Untitled-filtrowane-300x300.jpg 300w, https:\/\/www.tem.agh.edu.pl\/main_nowastrona\/wp-content\/uploads\/2024\/03\/IFFT-of-Untitled-filtrowane-150x150.jpg 150w, https:\/\/www.tem.agh.edu.pl\/main_nowastrona\/wp-content\/uploads\/2024\/03\/IFFT-of-Untitled-filtrowane-768x768.jpg 768w, https:\/\/www.tem.agh.edu.pl\/main_nowastrona\/wp-content\/uploads\/2024\/03\/IFFT-of-Untitled-filtrowane-676x676.jpg 676w, https:\/\/www.tem.agh.edu.pl\/main_nowastrona\/wp-content\/uploads\/2024\/03\/IFFT-of-Untitled-filtrowane-400x400.jpg 400w\" sizes=\"(max-width: 676px) 100vw, 676px\" \/>\t\t\t\t\t\t\t\t\t\t\t\t\t\t\t<\/div>\n\t\t\t\t<\/div>\n\t\t\t\t<div class=\"elementor-element elementor-element-31cbc9e elementor-widget__width-inherit elementor-invisible elementor-widget elementor-widget-image\" data-id=\"31cbc9e\" data-element_type=\"widget\" data-e-type=\"widget\" data-settings=\"{&quot;_animation&quot;:&quot;fadeIn&quot;}\" data-widget_type=\"image.default\">\n\t\t\t\t<div class=\"elementor-widget-container\">\n\t\t\t\t\t\t\t\t\t\t\t\t\t\t\t<img decoding=\"async\" width=\"676\" height=\"455\" src=\"https:\/\/www.tem.agh.edu.pl\/main_nowastrona\/wp-content\/uploads\/2024\/03\/100_lat_AGH_FIB36-1024x689.jpg\" class=\"attachment-large size-large wp-image-320\" alt=\"\" srcset=\"https:\/\/www.tem.agh.edu.pl\/main_nowastrona\/wp-content\/uploads\/2024\/03\/100_lat_AGH_FIB36-1024x689.jpg 1024w, https:\/\/www.tem.agh.edu.pl\/main_nowastrona\/wp-content\/uploads\/2024\/03\/100_lat_AGH_FIB36-300x202.jpg 300w, https:\/\/www.tem.agh.edu.pl\/main_nowastrona\/wp-content\/uploads\/2024\/03\/100_lat_AGH_FIB36-768x517.jpg 768w, https:\/\/www.tem.agh.edu.pl\/main_nowastrona\/wp-content\/uploads\/2024\/03\/100_lat_AGH_FIB36-1536x1034.jpg 1536w, https:\/\/www.tem.agh.edu.pl\/main_nowastrona\/wp-content\/uploads\/2024\/03\/100_lat_AGH_FIB36-2048x1378.jpg 2048w, https:\/\/www.tem.agh.edu.pl\/main_nowastrona\/wp-content\/uploads\/2024\/03\/100_lat_AGH_FIB36-676x455.jpg 676w\" sizes=\"(max-width: 676px) 100vw, 676px\" \/>\t\t\t\t\t\t\t\t\t\t\t\t\t\t\t<\/div>\n\t\t\t\t<\/div>\n\t\t\t\t\t<\/div>\n\t\t\t\t<\/div>\n\t\t<div class=\"elementor-element elementor-element-2da468f e-flex e-con-boxed e-con e-parent\" data-id=\"2da468f\" data-element_type=\"container\" data-e-type=\"container\">\n\t\t\t\t\t<div class=\"e-con-inner\">\n\t\t\t\t\t<\/div>\n\t\t\t\t<\/div>\n\t\t\t\t<\/div>\n\t\t","protected":false},"excerpt":{"rendered":"<p>Centrum Mikroskopii Elektronowej dla In\u017cynierii Materia\u0142owej Centrum Mikroskopii Elektronowej (CME) to jednostka dzia\u0142aj\u0105ca w ramach Wydzia\u0142u In\u017cynierii Metali Informatyki Przemys\u0142owej w Akademii G\u00f3rniczo-Hutniczej w Krakowie. Specjalizuje si\u0119 w zaawansowanych technikach mikroskopii elektronowej, w tym skaningowej i transmisyjnej. CME wyposa\u017cone jest w nowoczesny sprz\u0119t, umo\u017cliwiaj\u0105cy precyzyjne obserwacje strukturalne na poziomie nanometrycznym. Dzia\u0142a w zakresie bada\u0144 naukowych, [&hellip;]<\/p>\n","protected":false},"author":1,"featured_media":0,"parent":0,"menu_order":0,"comment_status":"closed","ping_status":"closed","template":"","meta":{"footnotes":""},"class_list":["post-6","page","type-page","status-publish","hentry","post-preview"],"_links":{"self":[{"href":"https:\/\/www.tem.agh.edu.pl\/main_nowastrona\/wp-json\/wp\/v2\/pages\/6","targetHints":{"allow":["GET"]}}],"collection":[{"href":"https:\/\/www.tem.agh.edu.pl\/main_nowastrona\/wp-json\/wp\/v2\/pages"}],"about":[{"href":"https:\/\/www.tem.agh.edu.pl\/main_nowastrona\/wp-json\/wp\/v2\/types\/page"}],"author":[{"embeddable":true,"href":"https:\/\/www.tem.agh.edu.pl\/main_nowastrona\/wp-json\/wp\/v2\/users\/1"}],"replies":[{"embeddable":true,"href":"https:\/\/www.tem.agh.edu.pl\/main_nowastrona\/wp-json\/wp\/v2\/comments?post=6"}],"version-history":[{"count":24,"href":"https:\/\/www.tem.agh.edu.pl\/main_nowastrona\/wp-json\/wp\/v2\/pages\/6\/revisions"}],"predecessor-version":[{"id":378,"href":"https:\/\/www.tem.agh.edu.pl\/main_nowastrona\/wp-json\/wp\/v2\/pages\/6\/revisions\/378"}],"wp:attachment":[{"href":"https:\/\/www.tem.agh.edu.pl\/main_nowastrona\/wp-json\/wp\/v2\/media?parent=6"}],"curies":[{"name":"wp","href":"https:\/\/api.w.org\/{rel}","templated":true}]}}